{"id":58,"date":"2020-09-22T23:12:59","date_gmt":"2020-09-22T23:12:59","guid":{"rendered":"https:\/\/shopmanabe.com\/?post_type=product&#038;p=58"},"modified":"2026-02-27T13:53:58","modified_gmt":"2026-02-27T13:53:58","slug":"crab-set","status":"publish","type":"product","link":"https:\/\/shopmanabe.com\/es\/producto\/crab-set\/","title":{"rendered":"Kit de Tenazas y Carne de Cangrejo Canadiense (Snow Crab)"},"content":{"rendered":"<p>\u00bfTienes deseo de cangrejo?<br \/>\n\u00a1Perfecto, cons\u00edguelo aqu\u00ed! \u00a1Viene con 2.5 libras de carne de cangrejo de canadiense (snow crab) y 3 libras de tenazas de cangrejo canadiense para c\u00f3ctel!<\/p>\n<p>La carne de cangrejo canadiense ya est\u00e1 descascarada, \u00a1sin problemas! Perfecto para hacer su propia salsa de cangrejo para su pr\u00f3xima fiesta o bisque de cangrejo para un d\u00eda fr\u00edo de invierno.<br \/>\nSi quieres ser espont\u00e1neo, \u00a1puedes hacer tus propios rollos de California!<br \/>\nLas tenazas de cangrejo son el aperitivo perfecto para las fiestas con salsa de c\u00f3ctel.<\/p>\n<p>El Kit de Tenazas y Carne de Cangrejo Canadiense incluye:<br \/>\n1 bolsa de tenazas de cangrejo canadiense para c\u00f3ctel - (aproximadamente 3 libras)<br \/>\n1 bolsa de carne de cangrejo canadiense (aprox. 2,5 libras)<\/p>\n<p><em>Nos reservamos el derecho de realizar sustituciones de productos de igual o mayor valor, si los art\u00edculos de un paquete no est\u00e1n disponibles.<\/em><\/p>\n<p>&nbsp;<\/p>\n<p>\u624b\u5265\u304d\u52a0\u5de5\u3055\u308c\u305f\u68d2\u8089\u3068\u80a9\u8089\u304c\u30b3\u30f3\u30dc\u306b\u306a\u3063\u3066\u3044\u308b\u30ab\u30ca\u30c0\u7523\u672c\u30ba\u30ef\u30a4\u30ac\u30cb\u3068\u30013\u30dd\u30f3\u30c9\u306e\u87f9\u722a\u304c\u4e00\u7dd2\u306b\u5c4a\u304f\u304a\u5f97\u306a\u30bb\u30c3\u30c8\u3067\u3059\u3002\u30b3\u30f3\u30dc\u30df\u30fc\u30c8\u306f\u624b\u5dfb\u304d\u5bff\u53f8\u3084\u30ab\u30ea\u30d5\u30a9\u30eb\u30cb\u30a2\u30ed\u30fc\u30eb\u3001\u30b5\u30e9\u30c0\u3001\u30af\u30e9\u30d6\u30c1\u30e3\u30a6\u30c0\u30fc\u3001\u30ab\u30cb\u30b3\u30ed\u30c3\u30b1\u7b49\u3001\u69d8\u3005\u306a\u304a\u6599\u7406\u3067\u304a\u697d\u3057\u307f\u3044\u305f\u3060\u3051\u307e\u3059\u3002<br \/>\n\u87f9\u722a\u306f\u3001\u51ac\u306e\u30b7\u30fc\u30ba\u30f3\u306b\u8d05\u6ca2\u306a\u87f9\u934b\u3084\u3001\u30d1\u30fc\u30c6\u30a3\u30fc\u306e\u30a2\u30da\u30bf\u30a4\u30b6\u30fc\u3068\u3057\u3066\u3001\u307e\u305f\u3061\u3089\u3057\u5bff\u53f8\u306e\u30c8\u30c3\u30d4\u30f3\u30b0\u7b49\u306b\u3082\u304a\u4f7f\u3044\u3044\u305f\u3060\u3051\u307e\u3059\u3002<\/p>\n<p>\u4e88\u544a\u306a\u304f\u3001\u4e00\u90e8\u5546\u54c1\u3092\u540c\u7b49\u3001\u540c\u7b49\u4ee5\u4e0a\u306e\u5546\u54c1\u3068\u5165\u308c\u66ff\u308f\u308b\u5834\u5408\u304c\u3054\u3056\u3044\u307e\u3059\u3002\u3042\u3089\u304b\u3058\u3081\u3054\u4e86\u627f\u304f\u3060\u3055\u3044\u3002<\/p>","protected":false},"excerpt":{"rendered":"<p>Craving for Crab? Perfect set it here! It comes with 2.5 lbs of Canadian Snow Crabmeat and 3 lbs of Canadian Snow Crab Cocktail Claws! Canadian Snow Crab Meat is already shelled&#8212;no hassle! Perfect to make your own crab dip for your next party or crab bisque for chilly winter day. If you want to &hellip;<\/p>\n<p class=\"read-more\"> <a class=\"\" href=\"https:\/\/shopmanabe.com\/es\/producto\/crab-set\/\"> <span class=\"screen-reader-text\">Kit de Tenazas y Carne de Cangrejo Canadiense (Snow Crab)<\/span> Leer m\u00e1s &raquo;<\/a><\/p>","protected":false},"featured_media":184,"comment_status":"open","ping_status":"closed","template":"","meta":[],"product_brand":[],"product_cat":[18],"product_tag":[],"class_list":{"0":"post-58","1":"product","2":"type-product","3":"status-publish","4":"has-post-thumbnail","6":"product_cat-seafood","8":"first","9":"outofstock","10":"sale","11":"taxable","12":"shipping-taxable","13":"purchasable","14":"product-type-simple"},"jetpack_sharing_enabled":true,"_links":{"self":[{"href":"https:\/\/shopmanabe.com\/es\/wp-json\/wp\/v2\/product\/58","targetHints":{"allow":["GET"]}}],"collection":[{"href":"https:\/\/shopmanabe.com\/es\/wp-json\/wp\/v2\/product"}],"about":[{"href":"https:\/\/shopmanabe.com\/es\/wp-json\/wp\/v2\/types\/product"}],"replies":[{"embeddable":true,"href":"https:\/\/shopmanabe.com\/es\/wp-json\/wp\/v2\/comments?post=58"}],"wp:featuredmedia":[{"embeddable":true,"href":"https:\/\/shopmanabe.com\/es\/wp-json\/wp\/v2\/media\/184"}],"wp:attachment":[{"href":"https:\/\/shopmanabe.com\/es\/wp-json\/wp\/v2\/media?parent=58"}],"wp:term":[{"taxonomy":"product_brand","embeddable":true,"href":"https:\/\/shopmanabe.com\/es\/wp-json\/wp\/v2\/product_brand?post=58"},{"taxonomy":"product_cat","embeddable":true,"href":"https:\/\/shopmanabe.com\/es\/wp-json\/wp\/v2\/product_cat?post=58"},{"taxonomy":"product_tag","embeddable":true,"href":"https:\/\/shopmanabe.com\/es\/wp-json\/wp\/v2\/product_tag?post=58"}],"curies":[{"name":"wp","href":"https:\/\/api.w.org\/{rel}","templated":true}]}}