{"id":54,"date":"2020-09-22T23:00:01","date_gmt":"2020-09-22T23:00:01","guid":{"rendered":"https:\/\/shopmanabe.com\/?post_type=product&#038;p=54"},"modified":"2025-12-07T23:23:53","modified_gmt":"2025-12-07T23:23:53","slug":"sushi-kit","status":"publish","type":"product","link":"https:\/\/shopmanabe.com\/es\/producto\/sushi-kit\/","title":{"rendered":"Kit de Comida DIY Sushi"},"content":{"rendered":"<p>\u00a1Un kit de comida perfecto para convertirte en tu propio chef de sushi!<br \/>\n\u00a1Expertos japoneses en mariscos con 30 a\u00f1os de experiencia en la industria seleccionaron 7 tipos de pescado de la m\u00e1s alta calidad y carne de cangrejo canadiense (snow crab) REAL para una aut\u00e9ntica experiencia de fiesta de sushi en la comodidad de su hogar!<br \/>\n\u00a1Cena divertida y f\u00e1cil para la familia, incluidos los ni\u00f1os!<\/p>\n<p>El kit de comida DIY Sushi incluye:<br \/>\n1 pieza Saku de at\u00fan aleta amarilla - (Aprox. 10 oz)<br \/>\n1 bandeja de rebanadas de at\u00fan blanco (aprox.7 oz)<br \/>\n1 bolsa de at\u00fan blanco en cubitos - (Aprox.16 oz)<br \/>\n1 bolsa de anguila Anago - (Aprox. 9 oz)<br \/>\n1 bandeja de rodajas de calamar - (Aprox.8 oz)<br \/>\n1 bolsa de carne de cangrejo (aprox. 6 oz)<br \/>\n1 pieza Trozos de salm\u00f3n - (Aprox.8 oz)<br \/>\n1 pieza Izumidai - (Aprox.9 oz)<br \/>\n1 bandeja Sushi Ebi - (Aprox.7 oz)<br \/>\n1 bolsa de alga Yakinori - (10 hojas)<br \/>\n1 bolsa de condimento Poke<br \/>\n*** \u00a1de regalo! *** esterilla para hacer rollitos de Sushi<\/p>\n<p>Todo lo que necesita es:<br \/>\n-Arroz de sushi<br \/>\n(Se recomienda arroz de grano corto, pero el de grano medio funcionar\u00eda bien. \u00a1No use arroz de grano largo!)<br \/>\n-Vinagre de sushi prefabricado<br \/>\n-Wasabi y salsa de soja<br \/>\nEstos son accesibles en la secci\u00f3n asi\u00e1tica de muchas de las principales tiendas de comestibles.<br \/>\nAdem\u00e1s, \u00a1ser\u00eda divertido agregar verduras frescas como aguacates y pepinos!<br \/>\n\u00bfEs la primera vez que preparas tu propio sushi? \u00a1Los videos de instrucciones est\u00e1n disponibles aqu\u00ed! <a href=\"https:\/\/shopmanabe.com\/es\/how-to-videos\/\">here<\/a>!<\/p>\n<p><em>Nos reservamos el derecho de realizar sustituciones de productos de igual o mayor valor, si los art\u00edculos de un paquete no est\u00e1n disponibles.<\/em><\/p>\n<p>&nbsp;<\/p>\n<p>\u65e5\u672c\u306e\u304a\u5bff\u53f8\u5c4b\u3055\u3093\u306e\u5473\u3092\u30a2\u30e1\u30ea\u30ab\u306e\u3054\u81ea\u5b85\u3067\uff01<br \/>\n\u9b5a\u306e\u30d7\u30ed\u304c\u304a\u5bff\u53f8\u3055\u3093\u3068\u540c\u3058\u54c1\u8cea\u306e\u5bff\u53f8\u30cd\u30bf8\u7a2e\u985e\u3092\u53b3\u9078\u3057\u8a70\u3081\u5408\u308f\u305b\u307e\u3057\u305f\u3002<br \/>\n\u304a\u7c73\u3001\u5bff\u53f8\u9162\u3001\u308f\u3055\u3073\u3068\u304a\u91a4\u6cb9\u306e\u307f\u3054\u7528\u610f\u3044\u305f\u3060\u304f\u3060\u3051\u3067\u3001\u624b\u5dfb\u304d\u5bff\u53f8\u3001\u63e1\u308a\u5bff\u53f8\u3001\u5dfb\u304d\u5bff\u53f8\u3092\u3054\u5bb6\u5ead\u3067\u304a\u697d\u3057\u307f\u3044\u305f\u3060\u3051\u307e\u3059\uff01<\/p>\n<p>\u4e88\u544a\u306a\u304f\u3001\u4e00\u90e8\u5546\u54c1\u3092\u540c\u7b49\u3001\u540c\u7b49\u4ee5\u4e0a\u306e\u5546\u54c1\u3068\u5165\u308c\u66ff\u308f\u308b\u5834\u5408\u304c\u3054\u3056\u3044\u307e\u3059\u3002\u3042\u3089\u304b\u3058\u3081\u3054\u4e86\u627f\u304f\u3060\u3055\u3044\u3002<\/p>","protected":false},"excerpt":{"rendered":"<p>A perfect meal kit to be your own sushi chef! Japan-born seafood experts with 30 years of experience in the industry handpicked 7 kinds of the highest quality fish and REAL Canadian Snow crabmeat for your authentic sushi party experience at comfort of your home! Fun and easy dinner party for the family including kids! &hellip;<\/p>\n<p class=\"read-more\"> <a class=\"\" href=\"https:\/\/shopmanabe.com\/es\/producto\/sushi-kit\/\"> <span class=\"screen-reader-text\">Kit de Comida DIY Sushi<\/span> Leer m\u00e1s &raquo;<\/a><\/p>","protected":false},"featured_media":186,"comment_status":"open","ping_status":"closed","template":"","meta":[],"product_brand":[],"product_cat":[17],"product_tag":[],"class_list":{"0":"post-54","1":"product","2":"type-product","3":"status-publish","4":"has-post-thumbnail","6":"product_cat-cuisine","8":"first","9":"outofstock","10":"sale","11":"taxable","12":"shipping-taxable","13":"purchasable","14":"product-type-simple"},"jetpack_sharing_enabled":true,"_links":{"self":[{"href":"https:\/\/shopmanabe.com\/es\/wp-json\/wp\/v2\/product\/54","targetHints":{"allow":["GET"]}}],"collection":[{"href":"https:\/\/shopmanabe.com\/es\/wp-json\/wp\/v2\/product"}],"about":[{"href":"https:\/\/shopmanabe.com\/es\/wp-json\/wp\/v2\/types\/product"}],"replies":[{"embeddable":true,"href":"https:\/\/shopmanabe.com\/es\/wp-json\/wp\/v2\/comments?post=54"}],"wp:featuredmedia":[{"embeddable":true,"href":"https:\/\/shopmanabe.com\/es\/wp-json\/wp\/v2\/media\/186"}],"wp:attachment":[{"href":"https:\/\/shopmanabe.com\/es\/wp-json\/wp\/v2\/media?parent=54"}],"wp:term":[{"taxonomy":"product_brand","embeddable":true,"href":"https:\/\/shopmanabe.com\/es\/wp-json\/wp\/v2\/product_brand?post=54"},{"taxonomy":"product_cat","embeddable":true,"href":"https:\/\/shopmanabe.com\/es\/wp-json\/wp\/v2\/product_cat?post=54"},{"taxonomy":"product_tag","embeddable":true,"href":"https:\/\/shopmanabe.com\/es\/wp-json\/wp\/v2\/product_tag?post=54"}],"curies":[{"name":"wp","href":"https:\/\/api.w.org\/{rel}","templated":true}]}}