{"id":39,"date":"2020-09-22T22:31:27","date_gmt":"2020-09-22T22:31:27","guid":{"rendered":"https:\/\/shopmanabe.com\/?page_id=39"},"modified":"2020-10-19T22:35:56","modified_gmt":"2020-10-19T22:35:56","slug":"shipping-return-policy","status":"publish","type":"page","link":"https:\/\/shopmanabe.com\/es\/shipping-return-policy\/","title":{"rendered":"Pol\u00edtica de Env\u00edo \/ Devoluci\u00f3n"},"content":{"rendered":"<div data-elementor-type=\"wp-page\" data-elementor-id=\"39\" class=\"elementor elementor-39\">\n\t\t\t\t\t\t<section class=\"elementor-section elementor-top-section elementor-element elementor-element-7e9cda6 elementor-section-boxed elementor-section-height-default elementor-section-height-default\" data-id=\"7e9cda6\" data-element_type=\"section\" data-settings=\"{&quot;background_background&quot;:&quot;classic&quot;}\">\n\t\t\t\t\t\t<div class=\"elementor-container elementor-column-gap-default\">\n\t\t\t\t\t<div class=\"elementor-column elementor-col-100 elementor-top-column elementor-element elementor-element-bea1c0f\" data-id=\"bea1c0f\" data-element_type=\"column\">\n\t\t\t<div class=\"elementor-widget-wrap elementor-element-populated\">\n\t\t\t\t\t\t<div class=\"elementor-element elementor-element-47dfb8f elementor-widget elementor-widget-heading\" data-id=\"47dfb8f\" data-element_type=\"widget\" data-widget_type=\"heading.default\">\n\t\t\t\t<div class=\"elementor-widget-container\">\n\t\t\t\t\t<h2 class=\"elementor-heading-title elementor-size-default\">Tienda Manabe<\/h2>\t\t\t\t<\/div>\n\t\t\t\t<\/div>\n\t\t\t\t\t<\/div>\n\t\t<\/div>\n\t\t\t\t\t<\/div>\n\t\t<\/section>\n\t\t\t\t<section class=\"elementor-section elementor-top-section elementor-element elementor-element-dba0833 elementor-section-boxed elementor-section-height-default elementor-section-height-default\" data-id=\"dba0833\" data-element_type=\"section\">\n\t\t\t\t\t\t<div class=\"elementor-container elementor-column-gap-default\">\n\t\t\t\t\t<div class=\"elementor-column elementor-col-100 elementor-top-column elementor-element elementor-element-8ac06c2\" data-id=\"8ac06c2\" data-element_type=\"column\">\n\t\t\t<div class=\"elementor-widget-wrap elementor-element-populated\">\n\t\t\t\t\t\t<div class=\"elementor-element elementor-element-70f4964 elementor-widget elementor-widget-spacer\" data-id=\"70f4964\" data-element_type=\"widget\" data-widget_type=\"spacer.default\">\n\t\t\t\t<div class=\"elementor-widget-container\">\n\t\t\t\t\t\t\t<div class=\"elementor-spacer\">\n\t\t\t<div class=\"elementor-spacer-inner\"><\/div>\n\t\t<\/div>\n\t\t\t\t\t\t<\/div>\n\t\t\t\t<\/div>\n\t\t\t\t<div class=\"elementor-element elementor-element-b228da9 elementor-widget elementor-widget-heading\" data-id=\"b228da9\" data-element_type=\"widget\" data-widget_type=\"heading.default\">\n\t\t\t\t<div class=\"elementor-widget-container\">\n\t\t\t\t\t<h2 class=\"elementor-heading-title elementor-size-default\">Pol\u00edtica de Env\u00edo \/ Devoluci\u00f3n<\/h2>\t\t\t\t<\/div>\n\t\t\t\t<\/div>\n\t\t\t\t\t<\/div>\n\t\t<\/div>\n\t\t\t\t\t<\/div>\n\t\t<\/section>\n\t\t\t\t<section class=\"elementor-section elementor-top-section elementor-element elementor-element-cf23c3e elementor-section-boxed elementor-section-height-default elementor-section-height-default\" data-id=\"cf23c3e\" data-element_type=\"section\">\n\t\t\t\t\t\t<div class=\"elementor-container elementor-column-gap-default\">\n\t\t\t\t\t<div class=\"elementor-column elementor-col-100 elementor-top-column elementor-element elementor-element-4541f27\" data-id=\"4541f27\" data-element_type=\"column\">\n\t\t\t<div class=\"elementor-widget-wrap elementor-element-populated\">\n\t\t\t\t\t\t<div class=\"elementor-element elementor-element-4e9ee78 elementor-widget elementor-widget-heading\" data-id=\"4e9ee78\" data-element_type=\"widget\" data-widget_type=\"heading.default\">\n\t\t\t\t<div class=\"elementor-widget-container\">\n\t\t\t\t\t<h3 class=\"elementor-heading-title elementor-size-default\">Detalles de Env\u00edo<\/h3>\t\t\t\t<\/div>\n\t\t\t\t<\/div>\n\t\t\t\t<div class=\"elementor-element elementor-element-aeb3df4 elementor-widget elementor-widget-text-editor\" data-id=\"aeb3df4\" data-element_type=\"widget\" data-widget_type=\"text-editor.default\">\n\t\t\t\t<div class=\"elementor-widget-container\">\n\t\t\t\t\t\t\t\t\t<ul><li>Todos los pedidos se enviar\u00e1n a trav\u00e9s del servicio FedEx \/ UPS Next Day.<\/li><li>Abra la caja tan pronto como la reciba y mantenga todos los productos en el congelador hasta su consumo.<\/li><li>El procesamiento del pedido demorar\u00e1 entre 1 y 2 d\u00edas.<\/li><li>El env\u00edo se realizar\u00e1 de lunes a jueves, excepto los d\u00edas festivos federales (no se realizar\u00e1 el env\u00edo los viernes).<\/li><\/ul>\t\t\t\t\t\t\t\t<\/div>\n\t\t\t\t<\/div>\n\t\t\t\t<div class=\"elementor-element elementor-element-9cc9f27 elementor-widget elementor-widget-heading\" data-id=\"9cc9f27\" data-element_type=\"widget\" data-widget_type=\"heading.default\">\n\t\t\t\t<div class=\"elementor-widget-container\">\n\t\t\t\t\t<h3 class=\"elementor-heading-title elementor-size-default\">Restricciones de Env\u00edo<\/h3>\t\t\t\t<\/div>\n\t\t\t\t<\/div>\n\t\t\t\t<div class=\"elementor-element elementor-element-502ed5c elementor-widget elementor-widget-text-editor\" data-id=\"502ed5c\" data-element_type=\"widget\" data-widget_type=\"text-editor.default\">\n\t\t\t\t<div class=\"elementor-widget-container\">\n\t\t\t\t\t\t\t\t\t<ul><li>Realizamos env\u00edos dentro de EE. UU. Con algunas restricciones.<\/li><li>Los pedidos que se env\u00edan a Alaska y Haw\u00e1i var\u00edan en disponibilidad.<\/li><li class=\"translation-block\">P\u00f3ngase en contacto con nosotros para asegurarse de que se pueda entregar a trav\u00e9s de FedEx antes de realizar un pedido.<\/li><\/ul><p class=\"translation-block\">Desafortunadamente, no podemos enviar a:\n<br>CORREOS. Cajas\n<br>Direcciones APO \/ FPO\n<br>Territorios y protectorados de EE. UU. (Samoa Americana, Guam, Islas Marianas del Norte, Puerto Rico, Islas V\u00edrgenes de EE. UU., Islas menores alejadas de EE. UU.)<\/p>\t\t\t\t\t\t\t\t<\/div>\n\t\t\t\t<\/div>\n\t\t\t\t<div class=\"elementor-element elementor-element-204d785 elementor-widget elementor-widget-heading\" data-id=\"204d785\" data-element_type=\"widget\" data-widget_type=\"heading.default\">\n\t\t\t\t<div class=\"elementor-widget-container\">\n\t\t\t\t\t<h3 class=\"elementor-heading-title elementor-size-default\">Pol\u00edtica de devoluci\u00f3n<\/h3>\t\t\t\t<\/div>\n\t\t\t\t<\/div>\n\t\t\t\t<div class=\"elementor-element elementor-element-9a02752 elementor-widget elementor-widget-text-editor\" data-id=\"9a02752\" data-element_type=\"widget\" data-widget_type=\"text-editor.default\">\n\t\t\t\t<div class=\"elementor-widget-container\">\n\t\t\t\t\t\t\t\t\t<ul><li>Los reembolsos se emiten solo en productos da\u00f1ados.<\/li><li>Env\u00edenos fotograf\u00edas del producto da\u00f1ado con marca de tiempo a info@manabe-and-co.com.<\/li><li>Tras la revisi\u00f3n, reembolsaremos o reemplazaremos su producto.<\/li><li>No podemos aceptar devoluciones debido al env\u00edo de productos perecederos.<\/li><\/ul>\t\t\t\t\t\t\t\t<\/div>\n\t\t\t\t<\/div>\n\t\t\t\t\t<\/div>\n\t\t<\/div>\n\t\t\t\t\t<\/div>\n\t\t<\/section>\n\t\t\t\t<\/div>","protected":false},"excerpt":{"rendered":"<p>Shop Manabe &#8211; \u30aa\u30f3\u30e9\u30a4\u30f3\u30b9\u30c8\u30a2 Shipping \/ Return Policy &#8211; \u914d\u9001\u3001\u8fd4\u54c1\u306b\u3064\u3044\u3066 Shipping Details All orders will be shipped via FedEx\/UPS Next Day service. Please open the box as soon as you receive it and keep all products in the freezer until consumption. Order processing will take 1-2 days. Ship out will be Monday through Thursday except &hellip;<\/p>\n<p class=\"read-more\"> <a class=\"\" href=\"https:\/\/shopmanabe.com\/es\/shipping-return-policy\/\"> <span class=\"screen-reader-text\">Pol\u00edtica de Env\u00edo \/ Devoluci\u00f3n<\/span> Leer m\u00e1s &raquo;<\/a><\/p>","protected":false},"author":1,"featured_media":0,"parent":0,"menu_order":0,"comment_status":"closed","ping_status":"closed","template":"","meta":{"footnotes":""},"class_list":["post-39","page","type-page","status-publish","hentry"],"jetpack_sharing_enabled":true,"_links":{"self":[{"href":"https:\/\/shopmanabe.com\/es\/wp-json\/wp\/v2\/pages\/39","targetHints":{"allow":["GET"]}}],"collection":[{"href":"https:\/\/shopmanabe.com\/es\/wp-json\/wp\/v2\/pages"}],"about":[{"href":"https:\/\/shopmanabe.com\/es\/wp-json\/wp\/v2\/types\/page"}],"author":[{"embeddable":true,"href":"https:\/\/shopmanabe.com\/es\/wp-json\/wp\/v2\/users\/1"}],"replies":[{"embeddable":true,"href":"https:\/\/shopmanabe.com\/es\/wp-json\/wp\/v2\/comments?post=39"}],"version-history":[{"count":5,"href":"https:\/\/shopmanabe.com\/es\/wp-json\/wp\/v2\/pages\/39\/revisions"}],"predecessor-version":[{"id":299,"href":"https:\/\/shopmanabe.com\/es\/wp-json\/wp\/v2\/pages\/39\/revisions\/299"}],"wp:attachment":[{"href":"https:\/\/shopmanabe.com\/es\/wp-json\/wp\/v2\/media?parent=39"}],"curies":[{"name":"wp","href":"https:\/\/api.w.org\/{rel}","templated":true}]}}