{"id":37,"date":"2020-09-22T22:29:26","date_gmt":"2020-09-22T22:29:26","guid":{"rendered":"https:\/\/shopmanabe.com\/?page_id=37"},"modified":"2020-10-21T16:58:44","modified_gmt":"2020-10-21T16:58:44","slug":"faq","status":"publish","type":"page","link":"https:\/\/shopmanabe.com\/es\/faq\/","title":{"rendered":"Preguntas Frecuentes"},"content":{"rendered":"<div data-elementor-type=\"wp-page\" data-elementor-id=\"37\" class=\"elementor elementor-37\">\n\t\t\t\t\t\t<section class=\"elementor-section elementor-top-section elementor-element elementor-element-d7fffa1 elementor-section-boxed elementor-section-height-default elementor-section-height-default\" data-id=\"d7fffa1\" data-element_type=\"section\" data-settings=\"{&quot;background_background&quot;:&quot;classic&quot;}\">\n\t\t\t\t\t\t<div class=\"elementor-container elementor-column-gap-default\">\n\t\t\t\t\t<div class=\"elementor-column elementor-col-100 elementor-top-column elementor-element elementor-element-c534784\" data-id=\"c534784\" data-element_type=\"column\">\n\t\t\t<div class=\"elementor-widget-wrap elementor-element-populated\">\n\t\t\t\t\t\t<div class=\"elementor-element elementor-element-b1489c7 elementor-widget elementor-widget-heading\" data-id=\"b1489c7\" data-element_type=\"widget\" data-widget_type=\"heading.default\">\n\t\t\t\t<div class=\"elementor-widget-container\">\n\t\t\t\t\t<h2 class=\"elementor-heading-title elementor-size-default\">Tienda Manabe<\/h2>\t\t\t\t<\/div>\n\t\t\t\t<\/div>\n\t\t\t\t\t<\/div>\n\t\t<\/div>\n\t\t\t\t\t<\/div>\n\t\t<\/section>\n\t\t\t\t<section class=\"elementor-section elementor-top-section elementor-element elementor-element-850b7c5 elementor-section-boxed elementor-section-height-default elementor-section-height-default\" data-id=\"850b7c5\" data-element_type=\"section\">\n\t\t\t\t\t\t<div class=\"elementor-container elementor-column-gap-default\">\n\t\t\t\t\t<div class=\"elementor-column elementor-col-100 elementor-top-column elementor-element elementor-element-0579890\" data-id=\"0579890\" data-element_type=\"column\">\n\t\t\t<div class=\"elementor-widget-wrap elementor-element-populated\">\n\t\t\t\t\t\t<div class=\"elementor-element elementor-element-f44d64e elementor-widget elementor-widget-spacer\" data-id=\"f44d64e\" data-element_type=\"widget\" data-widget_type=\"spacer.default\">\n\t\t\t\t<div class=\"elementor-widget-container\">\n\t\t\t\t\t\t\t<div class=\"elementor-spacer\">\n\t\t\t<div class=\"elementor-spacer-inner\"><\/div>\n\t\t<\/div>\n\t\t\t\t\t\t<\/div>\n\t\t\t\t<\/div>\n\t\t\t\t<div class=\"elementor-element elementor-element-5510234 elementor-widget elementor-widget-heading\" data-id=\"5510234\" data-element_type=\"widget\" data-widget_type=\"heading.default\">\n\t\t\t\t<div class=\"elementor-widget-container\">\n\t\t\t\t\t<h2 class=\"elementor-heading-title elementor-size-default\">Preguntas Frecuentes<\/h2>\t\t\t\t<\/div>\n\t\t\t\t<\/div>\n\t\t\t\t<div class=\"elementor-element elementor-element-c6a6952 elementor-widget elementor-widget-text-editor\" data-id=\"c6a6952\" data-element_type=\"widget\" data-widget_type=\"text-editor.default\">\n\t\t\t\t<div class=\"elementor-widget-container\">\n\t\t\t\t\t\t\t\t\t<p class=\"translation-block\"><strong>\u00bfQu\u00e9 otros ingredientes necesito para tener una fiesta DYI Sushi en casa?<\/strong>\nSe recomienda el arroz de sushi (se recomienda el arroz de grano corto, pero el de grano medio funcionar\u00eda bien. \u00a1No use arroz de grano largo!), Se recomienda vinagre de sushi prefabricado y wasabi.\nEstos son accesibles en la secci\u00f3n asi\u00e1tica de muchas de las principales tiendas de comestibles.\nAdem\u00e1s, \u00a1ser\u00eda divertido agregar verduras frescas como aguacates y pepinos!<\/p><p class=\"translation-block\"><strong>\u00bfC\u00f3mo hago arroz para sushi?<\/strong>\nMezcle 5 cucharadas de vinagre de condimento para sushi con 2 tazas de arroz cocido. Agregue m\u00e1s si lo desea. \u00a1El consejo es agregar vinagre de condimento para sushi mientras el arroz est\u00e1 caliente!\nPuedes ver c\u00f3mo lo mezclas aqu\u00ed.<\/p><p class=\"translation-block\"><strong>\u00bfC\u00f3mo corto el pescado que recib\u00ed?<\/strong>\n\u00a1Puedes consultar nuestros videos de Instagram y Youtube!<\/p><p class=\"translation-block\"><strong>\u00bfCu\u00e1l es la vida \u00fatil de los art\u00edculos que recib\u00ed?<\/strong>\nMantenga todos los productos congelados hasta que est\u00e9 listo para consumir.\nUna vez descongelado, consumir dentro de un d\u00eda.\nNo vuelva a congelar los art\u00edculos que se han descongelado.<\/p><p class=\"translation-block\"><strong>\u00bfC\u00f3mo descongelo los alimentos congelados?<\/strong>\nSe recomienda descongelar en el frigor\u00edfico durante la noche.\nAntes de iniciar el proceso de descongelaci\u00f3n, perfore con cuidado las bolsas de vac\u00edo. (No descongele en el refrigerador con el sello de vac\u00edo intacto)<\/p><p class=\"translation-block\"><strong>\u00bfPuedo modificar elementos que est\u00e1n en los kits?<\/strong>\nPara ofrecer el mejor valor, no podemos sustituir ning\u00fan art\u00edculo de la caja.<\/p><p class=\"translation-block\"><strong>\u00bfPuedo obtener algunos de los art\u00edculos del kit a granel?<\/strong>\nPor favor cont\u00e1ctenos.<\/p><p class=\"translation-block\"><strong>\u00bfQu\u00e9 pasa si no hay nadie en casa cuando UPS realiza la entrega?<\/strong>\nTodos los paquetes de alimentos se env\u00edan a trav\u00e9s de FedEx \/ UPS durante la noche.\nSe coloca una autorizaci\u00f3n del conductor en todos los paquetes para que se puedan dejar en la puerta.\nSi realiza la entrega en un edificio de varias unidades, el conductor puede requerir que alguien est\u00e9 presente para recibir el paquete en persona. Planifique y ordene en consecuencia.<\/p><p><strong>Can you call me or my recipient to let us know the package will be arriving soon?<\/strong><br \/>Unfortunately, Manabe &amp; Co does not have direct contact with FedEx drivers, though we do request a contact phone number that can be used in case the driver has issues delivering your package. We will provide you the FedEx\/UPS tracking number upon ship-out for your convenience.<\/p>\t\t\t\t\t\t\t\t<\/div>\n\t\t\t\t<\/div>\n\t\t\t\t\t<\/div>\n\t\t<\/div>\n\t\t\t\t\t<\/div>\n\t\t<\/section>\n\t\t\t\t<\/div>","protected":false},"excerpt":{"rendered":"<p>Shop Manabe &#8211; \u30aa\u30f3\u30e9\u30a4\u30f3\u30b9\u30c8\u30a2 FAQ &#8211; \u3088\u304f\u3042\u308b\u8cea\u554f What other ingredients do I need to have a DYI Sushi party at home?Sushi rice (short grain rice is recommended but medium grain would work just fine. Please do not use long grain rice!), pre-made Sushi vinegar, and wasabi are recommended.These are accessible in Asian section of lot &hellip;<\/p>\n<p class=\"read-more\"> <a class=\"\" href=\"https:\/\/shopmanabe.com\/es\/faq\/\"> <span class=\"screen-reader-text\">Preguntas Frecuentes<\/span> Leer m\u00e1s &raquo;<\/a><\/p>","protected":false},"author":1,"featured_media":0,"parent":0,"menu_order":0,"comment_status":"closed","ping_status":"closed","template":"","meta":{"footnotes":""},"class_list":["post-37","page","type-page","status-publish","hentry"],"jetpack_sharing_enabled":true,"_links":{"self":[{"href":"https:\/\/shopmanabe.com\/es\/wp-json\/wp\/v2\/pages\/37","targetHints":{"allow":["GET"]}}],"collection":[{"href":"https:\/\/shopmanabe.com\/es\/wp-json\/wp\/v2\/pages"}],"about":[{"href":"https:\/\/shopmanabe.com\/es\/wp-json\/wp\/v2\/types\/page"}],"author":[{"embeddable":true,"href":"https:\/\/shopmanabe.com\/es\/wp-json\/wp\/v2\/users\/1"}],"replies":[{"embeddable":true,"href":"https:\/\/shopmanabe.com\/es\/wp-json\/wp\/v2\/comments?post=37"}],"version-history":[{"count":5,"href":"https:\/\/shopmanabe.com\/es\/wp-json\/wp\/v2\/pages\/37\/revisions"}],"predecessor-version":[{"id":322,"href":"https:\/\/shopmanabe.com\/es\/wp-json\/wp\/v2\/pages\/37\/revisions\/322"}],"wp:attachment":[{"href":"https:\/\/shopmanabe.com\/es\/wp-json\/wp\/v2\/media?parent=37"}],"curies":[{"name":"wp","href":"https:\/\/api.w.org\/{rel}","templated":true}]}}